{"id":476,"date":"2014-11-29T05:13:29","date_gmt":"2014-11-29T05:13:29","guid":{"rendered":"http:\/\/etl.sharkslab.com\/?page_id=476"},"modified":"2022-05-12T23:39:23","modified_gmt":"2022-05-12T23:39:23","slug":"contact-version-2","status":"publish","type":"page","link":"https:\/\/www.drmildenberger.de\/?page_id=476","title":{"rendered":"2. Contact"},"content":{"rendered":"<section class=\"wpb-content-wrapper\"><p>[vc_row bg_type=&#8220;no_bg&#8220; css=&#8220;.vc_custom_1419403333224{margin-bottom: 0px !important;}&#8220;][vc_column][\/vc_column][\/vc_row][vc_row bg_type=&#8220;no_bg&#8220; css=&#8220;.vc_custom_1419402730971{margin-bottom: 0px !important;padding-top: 0px !important;}&#8220;][vc_column]<div class=\"ult-spacer spacer-69e17e99a7c8e\" data-id=\"69e17e99a7c8e\" data-height=\"65\" data-height-mobile=\"65\" data-height-tab=\"65\" data-height-tab-portrait=\"\" data-height-mobile-landscape=\"\" style=\"clear:both;display:block;\"><\/div>[vc_row_inner css=&#8220;.vc_custom_1419402363548{margin-bottom: 0px !important;}&#8220;][vc_column_inner width=&#8220;1\/3&#8243;][imedica_feature_boxes title=&#8220;Adresse&#8220; style=&#8220;Style2&#8243; border_width=&#8220;1&#8243; icon=&#8220;Defaults-map-marker&#8220; icon_size=&#8220;33&#8243; titlecolor=&#8220;#414042&#8243; descriptioncolor=&#8220;#8c99a9&#8243; icon_color=&#8220;#ffffff&#8220; textcolor=&#8220;#107fc9&#8243; border_color=&#8220;#d6d4d4&#8243; title_font_size=&#8220;18&#8243; title_line_ht=&#8220;26&#8243; desc_font_size=&#8220;13&#8243; main_heading_font_family=&#8220;font_family:Open Sans|font_call:Open+Sans|variant:600&#8243; main_heading_style=&#8220;font-weight:600;&#8220; desc_font_family=&#8220;font_family:Open Sans|font_call:Open+Sans&#8220;]<\/p>\n<p style=\"text-align: center;\">Dr. med. Beate Mildenberger<br \/>\nAm Stadtwald 6a,<br \/>\n77656, Offenburg, Deutschland<\/p>\n<p>[\/imedica_feature_boxes][\/vc_column_inner][vc_column_inner width=&#8220;1\/3&#8243;][imedica_feature_boxes title=&#8220;Telefonnummer&#8220; style=&#8220;Style2&#8243; border_width=&#8220;1&#8243; icon=&#8220;Defaults-phone&#8220; icon_size=&#8220;33&#8243; titlecolor=&#8220;#414042&#8243; descriptioncolor=&#8220;#8c99a9&#8243; icon_color=&#8220;#ffffff&#8220; textcolor=&#8220;#107fc9&#8243; border_color=&#8220;#d6d4d4&#8243; title_font_size=&#8220;18&#8243; title_line_ht=&#8220;26&#8243; desc_font_size=&#8220;13&#8243; main_heading_font_family=&#8220;font_family:Open Sans|font_call:Open+Sans|variant:600&#8243; main_heading_style=&#8220;font-weight:600;&#8220; desc_font_family=&#8220;font_family:Open Sans|font_call:Open+Sans&#8220;]<\/p>\n<table class=\"aligncenter\" style=\"border-bottom: 0px;\" border=\"0\">\n<tbody style=\"text-align: center; display: inline-block;\">\n<tr>\n<td style=\"text-align: right;\">Telefon:<\/td>\n<td style=\"text-align: left;\">+49\u00a0781 66 7 66<\/td>\n<\/tr>\n<tr>\n<td style=\"text-align: right;\">Fax:<\/td>\n<td style=\"text-align: left;\">+49\u00a0781\u00a066 702<\/td>\n<\/tr>\n<\/tbody>\n<\/table>\n<p>[\/imedica_feature_boxes][\/vc_column_inner][vc_column_inner width=&#8220;1\/3&#8243;][imedica_feature_boxes title=&#8220;Email&#8220; style=&#8220;Style2&#8243; border_width=&#8220;1&#8243; icon=&#8220;Defaults-envelope&#8220; icon_size=&#8220;33&#8243; titlecolor=&#8220;#414042&#8243; descriptioncolor=&#8220;#8c99a9&#8243; icon_color=&#8220;#ffffff&#8220; textcolor=&#8220;#107fc9&#8243; border_color=&#8220;#d6d4d4&#8243; title_font_size=&#8220;18&#8243; title_line_ht=&#8220;26&#8243; desc_font_size=&#8220;13&#8243; main_heading_font_family=&#8220;font_family:Open Sans|font_call:Open+Sans|variant:600&#8243; main_heading_style=&#8220;font-weight:600;&#8220; desc_font_family=&#8220;font_family:Open Sans|font_call:Open+Sans&#8220;]<\/p>\n<p style=\"margin-bottom: 0px; text-align: center;\">Email: email@drmildenberger.de<\/p>\n<p style=\"text-align: center;\">Anfragen per Email k\u00f6nnen nur 1 x t\u00e4glich im Verlauf des Vormittags bearbeitet werden. Daher ist es m\u00f6glich, dass Sie erst am n\u00e4chsten Tag eine Antwort erhalten. Rezepte und \u00dcberweisungen, die Sie telefonisch nach 12.00 Uhr bestellen,<br \/>\nk\u00f6nnen erst am Folgetag abgeholt werden.<\/p>\n<p>[\/imedica_feature_boxes][\/vc_column_inner][\/vc_row_inner][\/vc_column][\/vc_row][vc_row bg_type=&#8220;no_bg&#8220; css=&#8220;.vc_custom_1419403225345{margin-top: -20px !important;margin-bottom: 0px !important;padding-bottom: 20px !important;}&#8220;][vc_column]<div class=\"ult-spacer spacer-69e17e99a7cb7\" data-id=\"69e17e99a7cb7\" data-height=\"35\" data-height-mobile=\"35\" data-height-tab=\"35\" data-height-tab-portrait=\"\" data-height-mobile-landscape=\"\" style=\"clear:both;display:block;\"><\/div>[vc_accordion active_tab=&#8220;1&#8243; css_wrapper=&#8220;.vc_custom_1465763146715{margin-top: 30px !important;}&#8220;][vc_accordion_tab title=&#8220;Im Notfall&#8220;][vc_column_text]In lebensbedrohlichen Notf\u00e4llen erreichen Sie den Rettungsdienst mit Notarzt \u00fcber 112.[\/vc_column_text][\/vc_accordion_tab][vc_accordion_tab title=&#8220;\u00c4rztlicher Bereitschaftsdienst&#8220;][vc_column_text]Am Wochenende, an Feiertagen, Montag, Dienstag und Donnerstag ab 19.00 Uhr und Mittwochen und Freitag ab 13.00 Uhr erreichen Sie den \u00e4rztlichen Bereitschaftsdienst unter 116 117.[\/vc_column_text][\/vc_accordion_tab][vc_accordion_tab title=&#8220;Notfallpraxis im Ortenau-Klinikum&#8220;][vc_column_text]Ebertplatz 12<br \/>\n77654 Offenburg<\/p>\n<p>\u00d6ffnungszeiten:<br \/>\nMo., Di., Do. 19 bis 22 Uhr<br \/>\nMi. und Fr. 16 bis 22 Uhr<br \/>\nSa., So. und Feiertage 8 bis 22 Uhr<\/p>\n<div id=\"link_ad\"><\/div>\n<p>[\/vc_column_text][\/vc_accordion_tab][\/vc_accordion][\/vc_column][\/vc_row]<\/p>\n<\/section>","protected":false},"excerpt":{"rendered":"<p>[vc_row bg_type=&#8220;no_bg&#8220; css=&#8220;.vc_custom_1419403333224{margin-bottom: 0px !important;}&#8220;][vc_column][\/vc_column][\/vc_row][vc_row bg_type=&#8220;no_bg&#8220; css=&#8220;.vc_custom_1419402730971{margin-bottom: 0px !important;padding-top: 0px !important;}&#8220;][vc_column][vc_row_inner css=&#8220;.vc_custom_1419402363548{margin-bottom: 0px !important;}&#8220;][vc_column_inner width=&#8220;1\/3&#8243;][imedica_feature_boxes title=&#8220;Adresse&#8220; style=&#8220;Style2&#8243; border_width=&#8220;1&#8243; icon=&#8220;Defaults-map-marker&#8220; icon_size=&#8220;33&#8243; titlecolor=&#8220;#414042&#8243; descriptioncolor=&#8220;#8c99a9&#8243; icon_color=&#8220;#ffffff&#8220; textcolor=&#8220;#107fc9&#8243; border_color=&#8220;#d6d4d4&#8243; title_font_size=&#8220;18&#8243; title_line_ht=&#8220;26&#8243; desc_font_size=&#8220;13&#8243; main_heading_font_family=&#8220;font_family:Open Sans|font_call:Open+Sans|variant:600&#8243; main_heading_style=&#8220;font-weight:600;&#8220; desc_font_family=&#8220;font_family:Open Sans|font_call:Open+Sans&#8220;]<\/p>\n<p style=\"text-align: center;\">Dr. med. Beate Mildenberger<br \/>\nAm Stadtwald 6a,<br \/>\n77656, Offenburg, Deutschland<\/p>\n<p>[\/imedica_feature_boxes][\/vc_column_inner][vc_column_inner width=&#8220;1\/3&#8243;][imedica_feature_boxes title=&#8220;Telefonnummer&#8220; style=&#8220;Style2&#8243; border_width=&#8220;1&#8243; icon=&#8220;Defaults-phone&#8220;<\/p>\n","protected":false},"author":1,"featured_media":0,"parent":0,"menu_order":7,"comment_status":"closed","ping_status":"closed","template":"","meta":{"footnotes":""},"class_list":["post-476","page","type-page","status-publish","hentry"],"_links":{"self":[{"href":"https:\/\/www.drmildenberger.de\/index.php?rest_route=\/wp\/v2\/pages\/476","targetHints":{"allow":["GET"]}}],"collection":[{"href":"https:\/\/www.drmildenberger.de\/index.php?rest_route=\/wp\/v2\/pages"}],"about":[{"href":"https:\/\/www.drmildenberger.de\/index.php?rest_route=\/wp\/v2\/types\/page"}],"author":[{"embeddable":true,"href":"https:\/\/www.drmildenberger.de\/index.php?rest_route=\/wp\/v2\/users\/1"}],"replies":[{"embeddable":true,"href":"https:\/\/www.drmildenberger.de\/index.php?rest_route=%2Fwp%2Fv2%2Fcomments&post=476"}],"version-history":[{"count":13,"href":"https:\/\/www.drmildenberger.de\/index.php?rest_route=\/wp\/v2\/pages\/476\/revisions"}],"predecessor-version":[{"id":9597,"href":"https:\/\/www.drmildenberger.de\/index.php?rest_route=\/wp\/v2\/pages\/476\/revisions\/9597"}],"wp:attachment":[{"href":"https:\/\/www.drmildenberger.de\/index.php?rest_route=%2Fwp%2Fv2%2Fmedia&parent=476"}],"curies":[{"name":"wp","href":"https:\/\/api.w.org\/{rel}","templated":true}]}}