{"id":3997,"date":"2014-12-30T07:41:53","date_gmt":"2014-12-30T07:41:53","guid":{"rendered":"http:\/\/imedica.sharkz.in\/?page_id=3997"},"modified":"2017-07-06T22:21:13","modified_gmt":"2017-07-06T22:21:13","slug":"our-office","status":"publish","type":"page","link":"https:\/\/www.drmildenberger.de\/?page_id=3997","title":{"rendered":"Our Office"},"content":{"rendered":"<section class=\"wpb-content-wrapper\"><p>[vc_row bg_type=&#8220;bg_color&#8220; bg_override=&#8220;full&#8220; css=&#8220;.vc_custom_1465768057265{margin-right: 0px !important;margin-left: 0px !important;padding-right: 0px !important;padding-left: 0px !important;}&#8220; bg_color_value=&#8220;#ffffff&#8220;][vc_column css=&#8220;.vc_custom_1419948211448{margin-right: 0px !important;margin-left: 0px !important;padding-right: 0px !important;padding-left: 0px !important;}&#8220;][imedica_image_gallery enable_gallery_thumbnails=&#8220;off&#8220; images=&#8220;9307,9308,9309,9310,9311&#8243;][\/vc_column][\/vc_row][vc_row][vc_column width=&#8220;7\/12&#8243;]<div id=\"ultimate-heading-584569e342fcdc368\" class=\"uvc-heading ult-adjust-bottom-margin ultimate-heading-584569e342fcdc368 uvc-2125 \" data-hspacer=\"line_only\"  data-halign=\"left\" style=\"text-align:left\"><div class=\"uvc-main-heading ult-responsive\"  data-ultimate-target='.uvc-heading.ultimate-heading-584569e342fcdc368 h2'  data-responsive-json-new='{\"font-size\":\"desktop:30px;\",\"line-height\":\"\"}' ><h2 style=\"font-family:&#039;Open Sans&#039;;font-weight:300;color:#414042;\">Ihre Gesundheit liegt uns am Herzen!<\/h2><\/div><div class=\"uvc-heading-spacer line_only\" style=\"margin-top:10px;margin-bottom:15px;height:1px;\"><span class=\"uvc-headings-line\" style=\"border-style:solid;border-bottom-width:1px;border-color:#62a0c9;width:250px;\"><\/span><\/div><\/div>[vc_column_text]Wir bieten Ihnen eine umfassende haus\u00e4rztliche Versorgung und freuen uns, Sie und Ihre Familie kontinuierlich haus\u00e4rztlich zu betreuen. Mit unserem gesamten Wissen und unserer langj\u00e4hrigen Erfahrung setzen wir uns f\u00fcr Ihre gesundheitlichen Fragen und Anliegen ein. Dabei versuchen wir, f\u00fcr jede\/n die beste und passende Therapie zu finden und unsere PatientInnen in der Planung von Diagnostik und Behandlung als gleichberechtigte Partner einzubeziehen. Bei uns stehen Sie als Mensch im Mittelpunkt. Wir nehmen uns Zeit f\u00fcr Ihre individuelle Betreuung und haben Verst\u00e4ndnis f\u00fcr besondere Situationen. Um auf dem neuesten Stand des Wissens zu bleiben, bilden wir uns regelm\u00e4\u00dfig fort. Wir freuen uns \u00fcber Lob und sind offen f\u00fcr Kritik und Verbesserungvorschl\u00e4ge.<\/p>\n<p>Unsere hellen und freundlichen Praxisr\u00e4ume liegen ebenerdig und sind barriererefrei. Eigene Parkpl\u00e4tze sind direkt vor der T\u00fcr vorhanden. Bushaltestellen befinden sich ganz in N\u00e4he.<\/p>\n<p>Um die Wartezeiten zu minimieren, bitten wir Sie, vor Ihrem Besuch in unserer Praxis einen Termin zu vereinbaren. Wenn sie \u00dcberweisungen oder Wiederholungsrezepte bestellen m\u00f6chten, haben Sie die M\u00f6glichkeit, dies per Fax oder \u00fcber unser Rezepttelefon zu machen. Das Rezepttelefon erreichen Sie, indem Sie 0781 &#8211; 66766 w\u00e4hlen und nach der Ansage die 1 dr\u00fccken.[\/vc_column_text][vc_column_text]<strong>Wir freuen uns auf Ihren Besuch<br \/>\nIhr Praxisteam<\/strong>[\/vc_column_text][\/vc_column][vc_column width=&#8220;5\/12&#8243;]<div class=\"ult-spacer spacer-69e342fcdc3e3\" data-id=\"69e342fcdc3e3\" data-height=\"0\" data-height-mobile=\"40\" data-height-tab=\"\" data-height-tab-portrait=\"\" data-height-mobile-landscape=\"\" style=\"clear:both;display:block;\"><\/div><div id=\"ultimate-heading-367269e342fcdc423\" class=\"uvc-heading ult-adjust-bottom-margin ultimate-heading-367269e342fcdc423 uvc-7165 \" data-hspacer=\"line_only\"  data-halign=\"left\" style=\"text-align:left\"><div class=\"uvc-main-heading ult-responsive\"  data-ultimate-target='.uvc-heading.ultimate-heading-367269e342fcdc423 h2'  data-responsive-json-new='{\"font-size\":\"desktop:30px;\",\"line-height\":\"\"}' ><h2 style=\"font-family:&#039;Open Sans&#039;;font-weight:300;color:#414042;\">Unsere Adresse<\/h2><\/div><div class=\"uvc-heading-spacer line_only\" style=\"margin-top:10px;height:1px;\"><span class=\"uvc-headings-line\" style=\"border-style:solid;border-bottom-width:1px;border-color:#62a0c9;width:250px;\"><\/span><\/div><\/div><div id='wrap_map_69e342fcdc46b' class='ultimate-map-wrapper ult-adjust-bottom-margin ' style=' height:200px;'><div id='map_69e342fcdc46b' data-map_override='0' class='ultimate_google_map wpb_content_element page_margin_top' style='width:100%;height:200px;'><\/div><\/div><script type='text\/javascript'>\n\t\t\t(function($) {\n  \t\t\t'use strict';\n\t\t\tvar map_map_69e342fcdc46b = null;\n\t\t\tvar coordinate_map_69e342fcdc46b;\n\t\t\tvar isDraggable = $(document).width() > 641 ? true : true;\n\t\t\ttry\n\t\t\t{\n\t\t\t\tvar map_map_69e342fcdc46b = null;\n\t\t\t\tvar coordinate_map_69e342fcdc46b;\n\t\t\t\tcoordinate_map_69e342fcdc46b=new google.maps.LatLng(48.461006, 7.921325);\n\t\t\t\tvar mapOptions=\n\t\t\t\t{\n\t\t\t\t\tzoom: 13,\n\t\t\t\t\tcenter: coordinate_map_69e342fcdc46b,\n\t\t\t\t\tscaleControl: true,\n\t\t\t\t\tstreetViewControl: false,\n\t\t\t\t\tmapTypeControl: false,\n\t\t\t\t\tpanControl: false,\n\t\t\t\t\tzoomControl: false,\n\t\t\t\t\tscrollwheel: false,\n\t\t\t\t\tdraggable: isDraggable,\n\t\t\t\t\tzoomControlOptions: {\n\t\t\t\t\t\tposition: google.maps.ControlPosition.RIGHT_BOTTOM\n\t\t\t\t\t},mapTypeId: google.maps.MapTypeId.ROADMAP,};var map_map_69e342fcdc46b = new google.maps.Map(document.getElementById('map_69e342fcdc46b'),mapOptions);\n\t\t\t\t\t\tvar x = 'infowindow_open_value';\n\t\t\t\t\t\tvar marker_map_69e342fcdc46b = new google.maps.Marker({\n\t\t\t\t\t\tposition: new google.maps.LatLng(48.461006, 7.921325),\n\t\t\t\t\t\tanimation:  google.maps.Animation.DROP,\n\t\t\t\t\t\tmap: map_map_69e342fcdc46b,\n\t\t\t\t\t\ticon: ''\n\t\t\t\t\t});\tgoogle.maps.event.addListener(marker_map_69e342fcdc46b, 'click', toggleBounce);var infowindow = new google.maps.InfoWindow();\n\t\t\t\t\t\t\tinfowindow.setContent('<div class=\"map_info_text\" style=\\'color:#000;\\'>Dr. med. Beate Mildenberger<br \/> Am Stadtwald 6a,<br \/> 77656 Offenburg, Deutschland<\/div>');google.maps.event.addListener(marker_map_69e342fcdc46b, 'click', function() {\n\t\t\t\t\t\t\t\tinfowindow.open(map_map_69e342fcdc46b,marker_map_69e342fcdc46b);\n\t\t\t\t\t\t  \t});}\n\t\t\tcatch(e){};\n\t\t\tjQuery(document).ready(function($){\n\t\t\t\tgoogle.maps.event.trigger(map_map_69e342fcdc46b, 'resize');\n\t\t\t\t$(window).resize(function(){\n\t\t\t\t\tgoogle.maps.event.trigger(map_map_69e342fcdc46b, 'resize');\n\t\t\t\t\tif(map_map_69e342fcdc46b!=null)\n\t\t\t\t\t\tmap_map_69e342fcdc46b.setCenter(coordinate_map_69e342fcdc46b);\n\t\t\t\t});\n\t\t\t\t$('.ui-tabs').bind('tabsactivate', function(event, ui) {\n\t\t\t\t   if($(this).find('.ultimate-map-wrapper').length > 0)\n\t\t\t\t\t{\n\t\t\t\t\t\tsetTimeout(function(){\n\t\t\t\t\t\t\t$(window).trigger('resize');\n\t\t\t\t\t\t},200);\n\t\t\t\t\t}\n\t\t\t\t});\n\t\t\t\t$('.ui-accordion').bind('accordionactivate', function(event, ui) {\n\t\t\t\t   if($(this).find('.ultimate-map-wrapper').length > 0)\n\t\t\t\t\t{\n\t\t\t\t\t\tsetTimeout(function(){\n\t\t\t\t\t\t\t$(window).trigger('resize');\n\t\t\t\t\t\t},200);\n\t\t\t\t\t}\n\t\t\t\t});\n\t\t\t\t$(window).on('load',function(){\n\t\t\t\t\tsetTimeout(function(){\n\t\t\t\t\t\t$(window).trigger('resize');\n\t\t\t\t\t},200);\n\t\t\t\t});\n\t\t\t\t$('.ult_exp_section').select(function(){\n\t\t\t\t\tif($(map_map_69e342fcdc46b).parents('.ult_exp_section'))\n\t\t\t\t\t{\n\t\t\t\t\t\tsetTimeout(function(){\n\t\t\t\t\t\t\t$(window).trigger('resize');\n\t\t\t\t\t\t},200);\n\t\t\t\t\t}\n\t\t\t\t});\n\t\t\t\t$(document).on('onUVCModalPopupOpen', function(){\n\t\t\t\t\tif($(map_map_69e342fcdc46b).parents('.ult_modal-content'))\n\t\t\t\t\t{\n\t\t\t\t\t\tsetTimeout(function(){\n\t\t\t\t\t\t\t$(window).trigger('resize');\n\t\t\t\t\t\t},200);\n\t\t\t\t\t}\n\t\t\t\t});\n\t\t\t\t$(document).on('click','.ult_tab_li',function(){\n\t\t\t\t\t$(window).trigger('resize');\n\t\t\t\t\tsetTimeout(function(){\n\t\t\t\t\t\t$(window).trigger('resize');\n\t\t\t\t\t},200);\n\t\t\t\t});\n\t\t\t});\n\t\t\tfunction toggleBounce() {\n\t\t\t  if (marker_map_69e342fcdc46b.getAnimation() != null) {\n\t\t\t\tmarker_map_69e342fcdc46b.setAnimation(null);\n\t\t\t  } else {\n\t\t\t\tmarker_map_69e342fcdc46b.setAnimation(google.maps.Animation.BOUNCE);\n\t\t\t  }\n\t\t\t}\n\t\t\t})(jQuery);\n\t\t\t<\/script><div class=\"ult-spacer spacer-69e342fcdc4ab\" data-id=\"69e342fcdc4ab\" data-height=\"30\" data-height-mobile=\"10\" data-height-tab=\"10\" data-height-tab-portrait=\"\" data-height-mobile-landscape=\"\" style=\"clear:both;display:block;\"><\/div>[vc_column_text]<\/p>\n<h4><span style=\"color: #333333;\">Unsere Praxis befindet sich in Albersb\u00f6sch<\/span><\/h4>\n<p>Dr. med. Beate Mildenberger, Am Stadtwald 6a<br \/>\n77656 Offenburg<br \/>\nTelefon:\u00a00781 66 7 66<br \/>\nWeb: <a href=\"https:\/\/www.drmildenberger.de\/\">www.drmildenberger.de<\/a>[\/vc_column_text][\/vc_column][\/vc_row][vc_row bg_type=&#8220;no_bg&#8220; css=&#8220;.vc_custom_1419941646509{margin-top: 0px !important;margin-bottom: 0px !important;padding-top: 40px !important;}&#8220;][vc_column]<div id=\"ultimate-heading-886069e342fcdc4ce\" class=\"uvc-heading ult-adjust-bottom-margin ultimate-heading-886069e342fcdc4ce uvc-1926 \" data-hspacer=\"line_only\"  data-halign=\"left\" style=\"text-align:left\"><div class=\"uvc-main-heading ult-responsive\"  data-ultimate-target='.uvc-heading.ultimate-heading-886069e342fcdc4ce h2'  data-responsive-json-new='{\"font-size\":\"\",\"line-height\":\"\"}' ><h2 style=\"font-family:&#039;Open Sans&#039;;font-weight:300;color:#414042;\"> <\/h2><\/div><div class=\"uvc-heading-spacer line_only\" style=\"margin-top:10px;height:1px;\"><span class=\"uvc-headings-line\" style=\"border-style:solid;border-bottom-width:1px;border-color:#62a0c9;width:250px;\"><\/span><\/div><\/div>[\/vc_column][\/vc_row][vc_row][vc_column]<div class=\"ult-spacer spacer-69e342fcdc4f5\" data-id=\"69e342fcdc4f5\" data-height=\"60\" data-height-mobile=\"60\" data-height-tab=\"60\" data-height-tab-portrait=\"\" data-height-mobile-landscape=\"20\" style=\"clear:both;display:block;\"><\/div>[vc_raw_html]JTNDZGl2JTIwc3R5bGUlM0QlMjJkaXNwbGF5JTNBJTIwaW5saW5lLWJsb2NrJTNCJTIwd2lkdGglM0ElMjAxMDAlMjUlM0J3aGl0ZS1zcGFjZSUzQSUyMG5vd3JhcCUzQiUyMiUzRSUyMCUwQSUzQ2RpdiUyMGNsYXNzJTIwJTNEJTIwJTIydGh1bWJfYm90dG9tJTIyJTNFJTNDaW1nJTIwc3JjJTNEJTIyaHR0cCUzQSUyRiUyRnd3dy5kcm1pbGRlbmJlcmdlci5kZSUyRndwLWNvbnRlbnQlMkZ1cGxvYWRzJTJGMjAxNCUyRjEyJTJGMl85NDBfNjc5LTI0MngxNjEuanBnJTIyJTNFJTNDJTJGZGl2JTNFJTBBJTNDZGl2JTIwY2xhc3MlMjAlM0QlMjAlMjJ0aHVtYl9ib3R0b20lMjIlM0UlM0NpbWclMjBzcmMlM0QlMjJodHRwJTNBJTJGJTJGd3d3LmRybWlsZGVuYmVyZ2VyLmRlJTJGd3AtY29udGVudCUyRnVwbG9hZHMlMkYyMDE0JTJGMTIlMkZJc2FiZWxsZTItZTE0OTkzNzcwMTgzOTQtMjQyeDE2MS5qcGclMjIlM0UlM0MlMkZkaXYlM0UlMEElM0NkaXYlMjBjbGFzcyUyMCUzRCUyMCUyMnRodW1iX2JvdHRvbSUyMiUzRSUzQ2ltZyUyMHNyYyUzRCUyMmh0dHAlM0ElMkYlMkZ3d3cuZHJtaWxkZW5iZXJnZXIuZGUlMkZ3cC1jb250ZW50JTJGdXBsb2FkcyUyRjIwMTQlMkYxMiUyRjFfOTQwXzY3OS0yNDJ4MTYxLmpwZyUyMiUzRSUzQyUyRmRpdiUzRSUwQSUzQ2RpdiUyMGNsYXNzJTIwJTNEJTIwJTIydGh1bWJfYm90dG9tJTIyJTNFJTNDaW1nJTIwc3JjJTNEJTIyaHR0cCUzQSUyRiUyRnd3dy5kcm1pbGRlbmJlcmdlci5kZSUyRndwLWNvbnRlbnQlMkZ1cGxvYWRzJTJGMjAxNCUyRjEyJTJGVmlyZ2kyLWUxNDk5Mzc3MDk5NjcxLTI0MngxNjEuanBnJTIyJTNFJTNDJTJGZGl2JTNFJTBBJTNDZGl2JTIwY2xhc3MlMjAlM0QlMjAlMjJ0aHVtYl9ib3R0b20lMjIlM0UlM0NpbWclMjBzcmMlM0QlMjJodHRwJTNBJTJGJTJGd3d3LmRybWlsZGVuYmVyZ2VyLmRlJTJGd3AtY29udGVudCUyRnVwbG9hZHMlMkYyMDE0JTJGMTIlMkYzXzk0MF82NzktMjQyeDE2MS5qcGclMjIlM0UlM0MlMkZkaXYlM0UlMEElM0MlMkZkaXYlM0U=[\/vc_raw_html][\/vc_column][\/vc_row]<\/p>\n<\/section>","protected":false},"excerpt":{"rendered":"<p>[vc_row bg_type=&#8220;bg_color&#8220; bg_override=&#8220;full&#8220; css=&#8220;.vc_custom_1465768057265{margin-right: 0px !important;margin-left: 0px !important;padding-right: 0px !important;padding-left: 0px !important;}&#8220; bg_color_value=&#8220;#ffffff&#8220;][vc_column css=&#8220;.vc_custom_1419948211448{margin-right: 0px !important;margin-left: 0px !important;padding-right: 0px !important;padding-left: 0px !important;}&#8220;][imedica_image_gallery enable_gallery_thumbnails=&#8220;off&#8220; images=&#8220;9307,9308,9309,9310,9311&#8243;][\/vc_column][\/vc_row][vc_row][vc_column width=&#8220;7\/12&#8243;][vc_column_text]Wir bieten Ihnen eine umfassende haus\u00e4rztliche Versorgung und freuen uns, Sie und Ihre Familie kontinuierlich haus\u00e4rztlich zu betreuen. Mit unserem gesamten Wissen und unserer langj\u00e4hrigen Erfahrung setzen wir uns f\u00fcr Ihre gesundheitlichen Fragen und Anliegen ein.<\/p>\n","protected":false},"author":1,"featured_media":0,"parent":0,"menu_order":0,"comment_status":"closed","ping_status":"closed","template":"","meta":{"footnotes":""},"class_list":["post-3997","page","type-page","status-publish","hentry"],"_links":{"self":[{"href":"https:\/\/www.drmildenberger.de\/index.php?rest_route=\/wp\/v2\/pages\/3997","targetHints":{"allow":["GET"]}}],"collection":[{"href":"https:\/\/www.drmildenberger.de\/index.php?rest_route=\/wp\/v2\/pages"}],"about":[{"href":"https:\/\/www.drmildenberger.de\/index.php?rest_route=\/wp\/v2\/types\/page"}],"author":[{"embeddable":true,"href":"https:\/\/www.drmildenberger.de\/index.php?rest_route=\/wp\/v2\/users\/1"}],"replies":[{"embeddable":true,"href":"https:\/\/www.drmildenberger.de\/index.php?rest_route=%2Fwp%2Fv2%2Fcomments&post=3997"}],"version-history":[{"count":20,"href":"https:\/\/www.drmildenberger.de\/index.php?rest_route=\/wp\/v2\/pages\/3997\/revisions"}],"predecessor-version":[{"id":9457,"href":"https:\/\/www.drmildenberger.de\/index.php?rest_route=\/wp\/v2\/pages\/3997\/revisions\/9457"}],"wp:attachment":[{"href":"https:\/\/www.drmildenberger.de\/index.php?rest_route=%2Fwp%2Fv2%2Fmedia&parent=3997"}],"curies":[{"name":"wp","href":"https:\/\/api.w.org\/{rel}","templated":true}]}}