{"id":1907,"date":"2014-12-16T11:47:11","date_gmt":"2014-12-16T11:47:11","guid":{"rendered":"https:\/\/brainstormforce.com\/demos\/imedica\/?page_id=1907"},"modified":"2022-05-12T23:44:06","modified_gmt":"2022-05-12T23:44:06","slug":"services-2-2","status":"publish","type":"page","link":"https:\/\/www.drmildenberger.de\/?page_id=1907","title":{"rendered":"2. Services"},"content":{"rendered":"<section class=\"wpb-content-wrapper\"><p>[vc_row bg_type=&#8220;grad&#8220; bg_override=&#8220;full&#8220; css=&#8220;.vc_custom_1465761201270{margin-bottom: 0px !important;padding-top: 65px !important;padding-bottom: 50px !important;}&#8220; bg_grad=&#8220;background: -webkit-gradient(linear, left top, left bottom, color-stop(0%, #F8F8F8), color-stop(100%, #FFFFFF));background: -moz-linear-gradient(top,#F8F8F8 0%,#FFFFFF 100%);background: -webkit-linear-gradient(top,#F8F8F8 0%,#FFFFFF 100%);background: -o-linear-gradient(top,#F8F8F8 0%,#FFFFFF 100%);background: -ms-linear-gradient(top,#F8F8F8 0%,#FFFFFF 100%);background: linear-gradient(top,#F8F8F8 0%,#FFFFFF 100%);&#8220;][vc_column]<div class=\"ult-animation  ult-animate-viewport  ult-no-mobile \" data-animate=\"fadeInDown\" data-animation-delay=\"1\" data-animation-duration=\"1\" data-animation-iteration=\"1\" style=\"opacity:0;\" data-opacity_start_effect=\"\"><div id=\"ultimate-heading-883669ddad78b1929\" class=\"uvc-heading ult-adjust-bottom-margin ultimate-heading-883669ddad78b1929 uvc-643 \" data-hspacer=\"no_spacer\"  data-halign=\"center\" style=\"text-align:center\"><div class=\"uvc-heading-spacer no_spacer\" style=\"top\"><\/div><div class=\"uvc-main-heading ult-responsive\"  data-ultimate-target='.uvc-heading.ultimate-heading-883669ddad78b1929 h2'  data-responsive-json-new='{\"font-size\":\"desktop:37px;\",\"line-height\":\"\"}' ><h2 style=\"font-family:&#039;Open Sans&#039;;font-weight:300;color:#414042;margin-bottom:0px;\">Unser Leistungsspektrum<\/h2><\/div><div class=\"uvc-sub-heading ult-responsive\"  data-ultimate-target='.uvc-heading.ultimate-heading-883669ddad78b1929 .uvc-sub-heading '  data-responsive-json-new='{\"font-size\":\"desktop:13px;\",\"line-height\":\"desktop:20px;\"}'  style=\"font-family:&#039;Open Sans&#039;;font-weight:normal;color:#8c99a9;margin-bottom:40px;\">Hier finden Sie eine Auflistung unserer\u00a0Kassenleistungen.<\/div><\/div><\/div>[\/vc_column][\/vc_row][vc_row][vc_column width=&#8220;1\/3&#8243;]<div class=\"ult-animation  ult-animate-viewport  ult-no-mobile \" data-animate=\"fadeInLeft\" data-animation-delay=\"1\" data-animation-duration=\"1\" data-animation-iteration=\"1\" style=\"opacity:0;\" data-opacity_start_effect=\"\">[imedica_feature_boxes title=&#8220;Gesundheits- und Vorsorgeuntersuchungen&#8220; border_width=&#8220;1&#8243; icon=&#8220;Defaults-stethoscope&#8220; icon_size=&#8220;22&#8243; button_link=&#8220;||&#8220; titlecolor=&#8220;#414042&#8243; descriptioncolor=&#8220;#8c99a9&#8243; icon_color=&#8220;#ffffff&#8220; textcolor=&#8220;#107fc9&#8243; title_font_size=&#8220;20&#8243; title_line_ht=&#8220;25&#8243; desc_font_size=&#8220;13&#8243; message=&#8220;Lorem ipsum dolor sit amet, consecte tur adipiscing elit. Ut eu nisl quis augue suscipit dignissim&#8230;&#8220; main_heading_font_family=&#8220;font_family:Open Sans|font_call:Open+Sans&#8220; desc_font_family=&#8220;font_family:Open Sans|font_call:Open+Sans&#8220;]<\/p>\n<ul>\n<li>Gesundheitsuntersuchung (Check-up) f\u00fcr Frauen und M\u00e4nner ab 35 Jahre<\/li>\n<li>Hautkrebsscreening<\/li>\n<li>Jugendgesundheitsuntersuchung J1 (12 \u2013 14 Jahre)<\/li>\n<li>Jugendarbeitsschutzuntersuchung<\/li>\n<li>Impfungen<\/li>\n<li>Stuhluntersuchung auf okkultes Blut ab 50. Lebensjahr<\/li>\n<\/ul>\n<div class=\"featuretab2\" style=\"color: #107fc9; border-top-style: solid; border-width: 1px; ;padding-top: 5px;\" data-color=\"\" data-hover=\"\" data-btncolor=\"\" data-btnhovercolor=\"\"><\/div>\n<p>[\/imedica_feature_boxes]<\/div><div class=\"ult-spacer spacer-69ddad78b19bf\" data-id=\"69ddad78b19bf\" data-height=\"30\" data-height-mobile=\"25\" data-height-tab=\"\" data-height-tab-portrait=\"\" data-height-mobile-landscape=\"\" style=\"clear:both;display:block;\"><\/div>[\/vc_column][vc_column width=&#8220;1\/3&#8243;]<div class=\"ult-animation  ult-animate-viewport  ult-no-mobile \" data-animate=\"fadeInLeft\" data-animation-delay=\"1.2\" data-animation-duration=\"1\" data-animation-iteration=\"1\" style=\"opacity:0;\" data-opacity_start_effect=\"\">[imedica_feature_boxes title=&#8220;Schmerztherapie&#8220; border_width=&#8220;1&#8243; icon=&#8220;Defaults-bolt flash&#8220; icon_size=&#8220;22&#8243; button_link=&#8220;||&#8220; titlecolor=&#8220;#414042&#8243; descriptioncolor=&#8220;#8c99a9&#8243; icon_color=&#8220;#ffffff&#8220; textcolor=&#8220;#107fc9&#8243; title_font_size=&#8220;20&#8243; title_line_ht=&#8220;25&#8243; desc_font_size=&#8220;13&#8243; message=&#8220;Lorem ipsum dolor sit amet, consecte tur adipiscing elit. Ut eu nisl quis augue suscipit dignissim&#8230;&#8220; main_heading_font_family=&#8220;font_family:Open Sans|font_call:Open+Sans&#8220; desc_font_family=&#8220;font_family:Open Sans|font_call:Open+Sans&#8220;]<\/p>\n<ul>\n<li>Akupunktur bei chronischen Schmerzen der Lendenwirbels\u00e4ule und bei Knieschmerzen bei nachgewiesener Gonarthrose<\/li>\n<li>Reizstrombehandlung<\/li>\n<\/ul>\n<div class=\"featuretab2\" style=\"color: #107fc9; border-top-style: solid; border-width: 1px; ;padding-top: 5px;\" data-color=\"\" data-hover=\"\" data-btncolor=\"\" data-btnhovercolor=\"\"><\/div>\n<p>[\/imedica_feature_boxes]<\/div><div class=\"ult-spacer spacer-69ddad78b19f2\" data-id=\"69ddad78b19f2\" data-height=\"0\" data-height-mobile=\"25\" data-height-tab=\"\" data-height-tab-portrait=\"\" data-height-mobile-landscape=\"\" style=\"clear:both;display:block;\"><\/div>[\/vc_column][vc_column width=&#8220;1\/3&#8243;]<div class=\"ult-animation  ult-animate-viewport  ult-no-mobile \" data-animate=\"fadeInLeft\" data-animation-delay=\"1.2\" data-animation-duration=\"1\" data-animation-iteration=\"1\" style=\"opacity:0;\" data-opacity_start_effect=\"\">[imedica_feature_boxes title=&#8220;Technische Untersuchungen&#8220; border_width=&#8220;1&#8243; icon=&#8220;Defaults-eyedropper&#8220; icon_size=&#8220;22&#8243; button_link=&#8220;||&#8220; titlecolor=&#8220;#414042&#8243; descriptioncolor=&#8220;#8c99a9&#8243; icon_color=&#8220;#ffffff&#8220; textcolor=&#8220;#107fc9&#8243; title_font_size=&#8220;20&#8243; title_line_ht=&#8220;25&#8243; desc_font_size=&#8220;13&#8243; message=&#8220;Lorem ipsum dolor sit amet, consecte tur adipiscing elit. Ut eu nisl quis augue suscipit dignissim&#8230;&#8220; main_heading_font_family=&#8220;font_family:Open Sans|font_call:Open+Sans&#8220; desc_font_family=&#8220;font_family:Open Sans|font_call:Open+Sans&#8220;]<\/p>\n<ul>\n<li>Laboruntersuchungen<\/li>\n<li>Lungenfunktionspr\u00fcfung<\/li>\n<li>EKG<\/li>\n<li>Langzeitblutdruck-Messung<\/li>\n<li>Pr\u00e4operative Untersuchung<\/li>\n<\/ul>\n<div class=\"featuretab2\" style=\"color: #107fc9; border-top-style: solid; border-width: 1px; ;padding-top: 5px;\" data-color=\"\" data-hover=\"\" data-btncolor=\"\" data-btnhovercolor=\"\"><\/div>\n<p>[\/imedica_feature_boxes]<\/div><div class=\"ult-spacer spacer-69ddad78b1a1d\" data-id=\"69ddad78b1a1d\" data-height=\"0\" data-height-mobile=\"25\" data-height-tab=\"\" data-height-tab-portrait=\"\" data-height-mobile-landscape=\"\" style=\"clear:both;display:block;\"><\/div>[\/vc_column][\/vc_row][vc_row][vc_column]<div class=\"ult-spacer spacer-69ddad78b1a2c\" data-id=\"69ddad78b1a2c\" data-height=\"30\" data-height-mobile=\"30\" data-height-tab=\"30\" data-height-tab-portrait=\"\" data-height-mobile-landscape=\"\" style=\"clear:both;display:block;\"><\/div>[\/vc_column][\/vc_row][vc_row][vc_column width=&#8220;1\/3&#8243;]<div class=\"ult-animation  ult-animate-viewport  ult-no-mobile \" data-animate=\"fadeInLeft\" data-animation-delay=\"1\" data-animation-duration=\"1\" data-animation-iteration=\"1\" style=\"opacity:0;\" data-opacity_start_effect=\"\">[imedica_feature_boxes title=&#8220;Strukturierte Behandlungsprogramme f\u00fcr chronische Erkrankungen (DMP)&#8220; border_width=&#8220;1&#8243; icon=&#8220;Defaults-medkit&#8220; icon_size=&#8220;22&#8243; button_link=&#8220;||&#8220; titlecolor=&#8220;#414042&#8243; descriptioncolor=&#8220;#8c99a9&#8243; icon_color=&#8220;#ffffff&#8220; textcolor=&#8220;#107fc9&#8243; title_font_size=&#8220;20&#8243; title_line_ht=&#8220;25&#8243; desc_font_size=&#8220;13&#8243; message=&#8220;Lorem ipsum dolor sit amet, consecte tur adipiscing elit. Ut eu nisl quis augue suscipit dignissim&#8230;&#8220; main_heading_font_family=&#8220;font_family:Open Sans|font_call:Open+Sans&#8220; desc_font_family=&#8220;font_family:Open Sans|font_call:Open+Sans&#8220;]<\/p>\n<ul>\n<li>Diabetes mellitus Typ II<\/li>\n<li>Koronare Herzkrankheit (KHK)<\/li>\n<li>Asthma bronchiale<\/li>\n<li>Chronisch obstruktive Lungenerkrankung (COPD)<\/li>\n<\/ul>\n<div class=\"featuretab2\" style=\"color: #107fc9; border-top-style: solid; border-width: 1px; ;padding-top: 5px;\" data-color=\"\" data-hover=\"\" data-btncolor=\"\" data-btnhovercolor=\"\"><\/div>\n<p>[\/imedica_feature_boxes]<\/div><div class=\"ult-spacer spacer-69ddad78b1a53\" data-id=\"69ddad78b1a53\" data-height=\"0\" data-height-mobile=\"25\" data-height-tab=\"\" data-height-tab-portrait=\"\" data-height-mobile-landscape=\"\" style=\"clear:both;display:block;\"><\/div>[\/vc_column][vc_column width=&#8220;1\/3&#8243;]<div class=\"ult-animation  ult-animate-viewport  ult-no-mobile \" data-animate=\"fadeInLeft\" data-animation-delay=\"1.2\" data-animation-duration=\"1\" data-animation-iteration=\"1\" style=\"opacity:0;\" data-opacity_start_effect=\"\">[imedica_feature_boxes title=&#8220;Kleine Chirurgie&#8220; border_width=&#8220;1&#8243; icon=&#8220;Defaults-cut scissors&#8220; icon_size=&#8220;22&#8243; button_link=&#8220;||&#8220; titlecolor=&#8220;#414042&#8243; descriptioncolor=&#8220;#8c99a9&#8243; icon_color=&#8220;#ffffff&#8220; textcolor=&#8220;#107fc9&#8243; title_font_size=&#8220;20&#8243; title_line_ht=&#8220;25&#8243; desc_font_size=&#8220;13&#8243; message=&#8220;Lorem ipsum dolor sit amet, consecte tur adipiscing elit. Ut eu nisl quis augue suscipit dignissim&#8230;&#8220; main_heading_font_family=&#8220;font_family:Open Sans|font_call:Open+Sans&#8220; desc_font_family=&#8220;font_family:Open Sans|font_call:Open+Sans&#8220;]<\/p>\n<ul>\n<li>Erstversorgung von Wunden<\/li>\n<li>Entfernung von Fremdk\u00f6rpern<\/li>\n<li>Versorgung von chronischen Wunden<\/li>\n<li>Postoperative Wundversorgung<\/li>\n<\/ul>\n<div class=\"featuretab2\" style=\"color: #107fc9; border-top-style: solid; border-width: 1px; ;padding-top: 5px;\" data-color=\"\" data-hover=\"\" data-btncolor=\"\" data-btnhovercolor=\"\"><\/div>\n<p>[\/imedica_feature_boxes]<\/div><div class=\"ult-spacer spacer-69ddad78b1a78\" data-id=\"69ddad78b1a78\" data-height=\"0\" data-height-mobile=\"25\" data-height-tab=\"\" data-height-tab-portrait=\"\" data-height-mobile-landscape=\"\" style=\"clear:both;display:block;\"><\/div>[\/vc_column][vc_column width=&#8220;1\/3&#8243;]<div class=\"ult-animation  ult-animate-viewport  ult-no-mobile \" data-animate=\"fadeInLeft\" data-animation-delay=\"1.2\" data-animation-duration=\"1\" data-animation-iteration=\"1\" style=\"opacity:0;\" data-opacity_start_effect=\"\">[imedica_feature_boxes title=&#8220;Au\u00dferdem&#8220; border_width=&#8220;1&#8243; icon=&#8220;Defaults-hospital-o&#8220; icon_size=&#8220;22&#8243; button_link=&#8220;||&#8220; titlecolor=&#8220;#414042&#8243; descriptioncolor=&#8220;#8c99a9&#8243; icon_color=&#8220;#ffffff&#8220; textcolor=&#8220;#107fc9&#8243; title_font_size=&#8220;20&#8243; title_line_ht=&#8220;25&#8243; desc_font_size=&#8220;13&#8243; message=&#8220;Lorem ipsum dolor sit amet, consecte tur adipiscing elit. Ut eu nisl quis augue suscipit dignissim&#8230;&#8220; main_heading_font_family=&#8220;font_family:Open Sans|font_call:Open+Sans&#8220; desc_font_family=&#8220;font_family:Open Sans|font_call:Open+Sans&#8220; imd-msg-note-txt=&#8220;&#8220; margin_design_tab_text=&#8220;&#8220;]<\/p>\n<ul>\n<li>Antr\u00e4ge f\u00fcr Leistungen zur medizinischen Rehabilitation<\/li>\n<li>sonstige Kurantr\u00e4ge (Mutter-Kind-Kuren, Kompaktkuren)<\/li>\n<li>Demenzscreening<\/li>\n<li>Hausbesuche<\/li>\n<li>Kooperation mit verschiedenen Pflegeheimen<\/li>\n<li>Diabetikerschulungen f\u00fcr nicht insulinpflichtige Typ II Diabetiker<\/li>\n<\/ul>\n<div class=\"featuretab2\" style=\"color: #107fc9; border-top-style: solid; border-width: 1px; ;padding-top: 5px;\" data-color=\"\" data-hover=\"\" data-btncolor=\"\" data-btnhovercolor=\"\"><\/div>\n<p>[\/imedica_feature_boxes]<\/div><div class=\"ult-spacer spacer-69ddad78b1a9d\" data-id=\"69ddad78b1a9d\" data-height=\"0\" data-height-mobile=\"25\" data-height-tab=\"\" data-height-tab-portrait=\"\" data-height-mobile-landscape=\"\" style=\"clear:both;display:block;\"><\/div>[\/vc_column][\/vc_row][vc_row][vc_column]<div class=\"ult-spacer spacer-69ddad78b1aa9\" data-id=\"69ddad78b1aa9\" data-height=\"70\" data-height-mobile=\"30\" data-height-tab=\"\" data-height-tab-portrait=\"\" data-height-mobile-landscape=\"\" style=\"clear:both;display:block;\"><\/div>[\/vc_column][\/vc_row][vc_row][vc_column]<div class=\"ult-animation  ult-animate-viewport  ult-no-mobile \" data-animate=\"fadeInDown\" data-animation-delay=\"1\" data-animation-duration=\"1\" data-animation-iteration=\"1\" style=\"opacity:0;\" data-opacity_start_effect=\"\">[imedica_call_to_action cta_layout=&#8220;boxed&#8220; bg_shadow=&#8220;cta-shadow2&#8243; title=&#8220;Wunschleistungen&#8220; title_font=&#8220;font_family:Open Sans|font_call:Open+Sans|variant:300&#8243; title_font_style=&#8220;font-weight:300;&#8220; desc_font=&#8220;font_family:Open Sans|font_call:Open+Sans&#8220; btn_color=&#8220;#414042&#8243; btn_button_size=&#8220;large&#8220; btn_btn_style=&#8220;outline&#8220; btn_outline_color_text_hover=&#8220;#107fc9&#8243; btn_outline_color_bg=&#8220;#ffffff&#8220; btn_outline_color_bg_hover=&#8220;#ffffff&#8220; btn_border_size=&#8220;1&#8243; btn_btn_link=&#8220;url:%20http%3A%2F%2Fgoo.gl%2FLPviJc||&#8220; call_to_action_bg=&#8220;#107fc9&#8243; title_font_size=&#8220;desktop:37px;&#8220; desc_font_size=&#8220;desktop:13px;&#8220; desc_font_line_height=&#8220;desktop:20px;&#8220; btn_font_size=&#8220;desktop:13px;&#8220; title_font_color=&#8220;#ffffff&#8220; desc_font_color=&#8220;#b1e0fe&#8220; box_border=&#8220;border-style:none;|border-left-width:1px;&#8220; button_padding=&#8220;padding-bottom:30px;&#8220; title_font_line_height=&#8220;desktop:28px;&#8220; btn_font_line_height=&#8220;desktop:23px;&#8220;]Neben den Kassenleistungen bieten wir folgende Wunschleistungen an. Wunschleistungen sind zu\u00a0100% Selbstzahlerleistungen nach der Geb\u00fchrenordnung f\u00fcr \u00c4rzte.[\/imedica_call_to_action]<\/div>[\/vc_column][\/vc_row][vc_row][vc_column]<div class=\"ult-spacer spacer-69ddad78b1acd\" data-id=\"69ddad78b1acd\" data-height=\"30\" data-height-mobile=\"30\" data-height-tab=\"\" data-height-tab-portrait=\"\" data-height-mobile-landscape=\"\" style=\"clear:both;display:block;\"><\/div>[\/vc_column][\/vc_row][vc_row bg_type=&#8220;bg_color&#8220; bg_override=&#8220;full&#8220; css=&#8220;.vc_custom_1418731082727{margin-bottom: 0px !important;padding-bottom: 60px !important;}&#8220; bg_color_value=&#8220;#ffffff&#8220;][vc_column width=&#8220;1\/4&#8243;]<div class=\"ult-animation  ult-animate-viewport  ult-no-mobile \" data-animate=\"fadeInLeft\" data-animation-delay=\"1\" data-animation-duration=\"1\" data-animation-iteration=\"1\" style=\"opacity:0;\" data-opacity_start_effect=\"\">[imedica_feature_boxes title=&#8220;Besondere Gesundheits- und Vorsorgeuntersuchungen&#8220; border_width=&#8220;1&#8243; icon=&#8220;Defaults-user-md&#8220; icon_size=&#8220;22&#8243; button_link=&#8220;||&#8220; titlecolor=&#8220;#414042&#8243; descriptioncolor=&#8220;#8c99a9&#8243; icon_color=&#8220;#ffffff&#8220; textcolor=&#8220;#107fc9&#8243; title_font_size=&#8220;16&#8243; desc_font_size=&#8220;13&#8243; message=&#8220;Lorem ipsum dolor sit amet, consecte tur adipiscing elit. Ut eu nisl quis augue suscipit dignissim&#8230;&#8220; main_heading_font_family=&#8220;font_family:Open Sans|font_call:Open+Sans&#8220; desc_font_family=&#8220;font_family:Open Sans|font_call:Open+Sans&#8220;]<\/p>\n<ul>\n<li>Gro\u00dfer Gesundheitscheck<\/li>\n<li>Labortest auf verborgenes Blut im Stuhl<\/li>\n<\/ul>\n<div class=\"featuretab2\" style=\"color: #107fc9; border-top-style: solid; border-width: 1px; ;padding-top: 5px;\" data-color=\"\" data-hover=\"\" data-btncolor=\"\" data-btnhovercolor=\"\"><\/div>\n<p>[\/imedica_feature_boxes]<\/div><div class=\"ult-spacer spacer-69ddad78b1aef\" data-id=\"69ddad78b1aef\" data-height=\"0\" data-height-mobile=\"25\" data-height-tab=\"\" data-height-tab-portrait=\"\" data-height-mobile-landscape=\"\" style=\"clear:both;display:block;\"><\/div>[\/vc_column][vc_column width=&#8220;1\/4&#8243;]<div class=\"ult-animation  ult-animate-viewport  ult-no-mobile \" data-animate=\"fadeInLeft\" data-animation-delay=\"1.2\" data-animation-duration=\"1\" data-animation-iteration=\"1\" style=\"opacity:0;\" data-opacity_start_effect=\"\">[imedica_feature_boxes title=&#8220;Besondere Laboruntersuchungen&#8220; border_width=&#8220;1&#8243; icon=&#8220;Defaults-flask&#8220; icon_size=&#8220;22&#8243; button_link=&#8220;||&#8220; titlecolor=&#8220;#414042&#8243; descriptioncolor=&#8220;#8c99a9&#8243; icon_color=&#8220;#ffffff&#8220; textcolor=&#8220;#107fc9&#8243; title_font_size=&#8220;18&#8243; desc_font_size=&#8220;13&#8243; message=&#8220;Lorem ipsum dolor sit amet, consecte tur adipiscing elit. Ut eu nisl quis augue suscipit dignissim&#8230;&#8220; main_heading_font_family=&#8220;font_family:Open Sans|font_call:Open+Sans&#8220; desc_font_family=&#8220;font_family:Open Sans|font_call:Open+Sans&#8220;]<\/p>\n<ul>\n<li>HIV-Test<\/li>\n<li>Impftiterkontrollen<\/li>\n<li>Leberfunktion<\/li>\n<li>Vitamin D-Spiegel, Vitamin B12-Spiegel und andere Vitamine<\/li>\n<li>Rheumatest<\/li>\n<li>Prostata-Test (PSA-Wert)<\/li>\n<li>Risikountersuchung Herz<\/li>\n<li>Sonstige Wunschleistungen<\/li>\n<\/ul>\n<div class=\"featuretab2\" style=\"color: #107fc9; border-top-style: solid; border-width: 1px; ;padding-top: 5px;\" data-color=\"\" data-hover=\"\" data-btncolor=\"\" data-btnhovercolor=\"\"><\/div>\n<p>[\/imedica_feature_boxes]<\/div><div class=\"ult-spacer spacer-69ddad78b1b10\" data-id=\"69ddad78b1b10\" data-height=\"0\" data-height-mobile=\"25\" data-height-tab=\"\" data-height-tab-portrait=\"\" data-height-mobile-landscape=\"\" style=\"clear:both;display:block;\"><\/div>[\/vc_column][vc_column width=&#8220;1\/4&#8243;]<div class=\"ult-animation  ult-animate-viewport  ult-no-mobile \" data-animate=\"fadeInLeft\" data-animation-delay=\"1.4\" data-animation-duration=\"1\" data-animation-iteration=\"1\" style=\"opacity:0;\" data-opacity_start_effect=\"\">[imedica_feature_boxes title=&#8220;Besondere Beratungen&#8220; border_width=&#8220;1&#8243; icon=&#8220;Defaults-comments&#8220; icon_size=&#8220;22&#8243; button_link=&#8220;||&#8220; titlecolor=&#8220;#414042&#8243; descriptioncolor=&#8220;#8c99a9&#8243; icon_color=&#8220;#ffffff&#8220; textcolor=&#8220;#107fc9&#8243; title_font_size=&#8220;18&#8243; desc_font_size=&#8220;13&#8243; message=&#8220;Lorem ipsum dolor sit amet, consecte tur adipiscing elit. Ut eu nisl quis augue suscipit dignissim&#8230;&#8220; main_heading_font_family=&#8220;font_family:Open Sans|font_call:Open+Sans&#8220; desc_font_family=&#8220;font_family:Open Sans|font_call:Open+Sans&#8220;]<\/p>\n<ul>\n<li>Reiseimpfungen<\/li>\n<li>Beratung gesunde Ern\u00e4hrung<\/li>\n<li>Atteste, z.B. f\u00fcr Versicherungen<\/li>\n<li>Patientenverf\u00fcgung<\/li>\n<li>LKW- F\u00fchrerscheinuntersuchung<\/li>\n<\/ul>\n<div class=\"featuretab2\" style=\"color: #107fc9; border-top-style: solid; border-width: 1px; ;padding-top: 5px;\" data-color=\"\" data-hover=\"\" data-btncolor=\"\" data-btnhovercolor=\"\"><\/div>\n<p>[\/imedica_feature_boxes]<\/div><div class=\"ult-spacer spacer-69ddad78b1b30\" data-id=\"69ddad78b1b30\" data-height=\"0\" data-height-mobile=\"25\" data-height-tab=\"\" data-height-tab-portrait=\"\" data-height-mobile-landscape=\"\" style=\"clear:both;display:block;\"><\/div>[\/vc_column][vc_column width=&#8220;1\/4&#8243;]<div class=\"ult-animation  ult-animate-viewport  ult-no-mobile \" data-animate=\"fadeInLeft\" data-animation-delay=\"1.6\" data-animation-duration=\"1\" data-animation-iteration=\"1\" style=\"opacity:0;\" data-opacity_start_effect=\"\">[imedica_feature_boxes title=&#8220;Besondere Behandlungen&#8220; border_width=&#8220;1&#8243; icon=&#8220;Defaults-h-square&#8220; icon_size=&#8220;22&#8243; button_link=&#8220;||&#8220; titlecolor=&#8220;#414042&#8243; descriptioncolor=&#8220;#8c99a9&#8243; icon_color=&#8220;#ffffff&#8220; textcolor=&#8220;#107fc9&#8243; title_font_size=&#8220;24&#8243; desc_font_size=&#8220;13&#8243; message=&#8220;Lorem ipsum dolor sit amet, consecte tur adipiscing elit. Ut eu nisl quis augue suscipit dignissim&#8230;&#8220; main_heading_font_family=&#8220;font_family:Open Sans|font_call:Open+Sans&#8220; desc_font_family=&#8220;font_family:Open Sans|font_call:Open+Sans|variant:regular&#8220; sub_heading_style=&#8220;font-weight:normal;font-style:normal;&#8220;]<\/p>\n<ul>\n<li>Eigenbluttherapie<\/li>\n<li>Neuraltherapie<\/li>\n<li>Schr\u00f6pfen<\/li>\n<li>Akupunktur\u00a0z.B. bei chronischen Kopfschmerzen, Schulter-Nacken-Schmerzen, Neuralgien, Allergien<\/li>\n<\/ul>\n<div class=\"featuretab2\" style=\"color: #107fc9; border-top-style: solid; border-width: 1px; ;padding-top: 5px;\" data-color=\"\" data-hover=\"\" data-btncolor=\"\" data-btnhovercolor=\"\"><\/div>\n<p>[\/imedica_feature_boxes]<\/div>[\/vc_column][\/vc_row]<\/p>\n<\/section>","protected":false},"excerpt":{"rendered":"<p>[vc_row bg_type=&#8220;grad&#8220; bg_override=&#8220;full&#8220; css=&#8220;.vc_custom_1465761201270{margin-bottom: 0px !important;padding-top: 65px !important;padding-bottom: 50px !important;}&#8220; bg_grad=&#8220;background: -webkit-gradient(linear, left top, left bottom, color-stop(0%, #F8F8F8), color-stop(100%, #FFFFFF));background: -moz-linear-gradient(top,#F8F8F8 0%,#FFFFFF 100%);background: -webkit-linear-gradient(top,#F8F8F8 0%,#FFFFFF 100%);background: -o-linear-gradient(top,#F8F8F8 0%,#FFFFFF 100%);background: -ms-linear-gradient(top,#F8F8F8 0%,#FFFFFF 100%);background: linear-gradient(top,#F8F8F8 0%,#FFFFFF 100%);&#8220;][vc_column][\/vc_column][\/vc_row][vc_row][vc_column width=&#8220;1\/3&#8243;][\/vc_column][vc_column width=&#8220;1\/3&#8243;][\/vc_column][vc_column width=&#8220;1\/3&#8243;][\/vc_column][\/vc_row][vc_row][vc_column][\/vc_column][\/vc_row][vc_row][vc_column width=&#8220;1\/3&#8243;][\/vc_column][vc_column width=&#8220;1\/3&#8243;][\/vc_column][vc_column width=&#8220;1\/3&#8243;][\/vc_column][\/vc_row][vc_row][vc_column][\/vc_column][\/vc_row][vc_row][vc_column][\/vc_column][\/vc_row][vc_row][vc_column][\/vc_column][\/vc_row][vc_row bg_type=&#8220;bg_color&#8220; bg_override=&#8220;full&#8220; css=&#8220;.vc_custom_1418731082727{margin-bottom: 0px !important;padding-bottom: 60px !important;}&#8220; bg_color_value=&#8220;#ffffff&#8220;][vc_column width=&#8220;1\/4&#8243;][\/vc_column][vc_column width=&#8220;1\/4&#8243;][\/vc_column][vc_column width=&#8220;1\/4&#8243;][\/vc_column][vc_column width=&#8220;1\/4&#8243;][\/vc_column][\/vc_row]<\/p>\n","protected":false},"author":1,"featured_media":0,"parent":0,"menu_order":8,"comment_status":"closed","ping_status":"closed","template":"","meta":{"footnotes":""},"class_list":["post-1907","page","type-page","status-publish","hentry"],"_links":{"self":[{"href":"https:\/\/www.drmildenberger.de\/index.php?rest_route=\/wp\/v2\/pages\/1907","targetHints":{"allow":["GET"]}}],"collection":[{"href":"https:\/\/www.drmildenberger.de\/index.php?rest_route=\/wp\/v2\/pages"}],"about":[{"href":"https:\/\/www.drmildenberger.de\/index.php?rest_route=\/wp\/v2\/types\/page"}],"author":[{"embeddable":true,"href":"https:\/\/www.drmildenberger.de\/index.php?rest_route=\/wp\/v2\/users\/1"}],"replies":[{"embeddable":true,"href":"https:\/\/www.drmildenberger.de\/index.php?rest_route=%2Fwp%2Fv2%2Fcomments&post=1907"}],"version-history":[{"count":17,"href":"https:\/\/www.drmildenberger.de\/index.php?rest_route=\/wp\/v2\/pages\/1907\/revisions"}],"predecessor-version":[{"id":9598,"href":"https:\/\/www.drmildenberger.de\/index.php?rest_route=\/wp\/v2\/pages\/1907\/revisions\/9598"}],"wp:attachment":[{"href":"https:\/\/www.drmildenberger.de\/index.php?rest_route=%2Fwp%2Fv2%2Fmedia&parent=1907"}],"curies":[{"name":"wp","href":"https:\/\/api.w.org\/{rel}","templated":true}]}}